{"id":12,"date":"2024-11-03T20:55:33","date_gmt":"2024-11-03T20:55:33","guid":{"rendered":"https:\/\/tlabz.eu\/demokmetija\/?page_id=12"},"modified":"2025-03-29T20:03:31","modified_gmt":"2025-03-29T20:03:31","slug":"kmetija-zagar","status":"publish","type":"page","link":"https:\/\/tlabz.eu\/demokmetija\/","title":{"rendered":"Doma\u010dija \u017dagar"},"content":{"rendered":"<p>[et_pb_section fb_built=&#8221;1&#8243; custom_padding_last_edited=&#8221;on|desktop&#8221; admin_label=&#8221;Header&#8221; _builder_version=&#8221;4.27.4&#8243; _module_preset=&#8221;default&#8221; use_background_color_gradient=&#8221;on&#8221; background_color_gradient_stops=&#8221;rgba(51,33,12,0.48) 0%|rgba(52,33,7,0.3) 100%&#8221; background_color_gradient_overlays_image=&#8221;on&#8221; background_image=&#8221;https:\/\/tlabz.eu\/demokmetija\/wp-content\/uploads\/2025\/02\/kmetija_poslopje_splet-nova.jpg&#8221; background_position=&#8221;center_left&#8221; background_horizontal_offset=&#8221;4%&#8221; custom_padding=&#8221;20vw|0px|0px||false|false&#8221; custom_padding_tablet=&#8221;60px||||false|false&#8221; custom_padding_phone=&#8221;60px||||false|false&#8221; collapsed=&#8221;on&#8221; global_colors_info=&#8221;{}&#8221;][et_pb_row _builder_version=&#8221;4.21.0&#8243; _module_preset=&#8221;default&#8221; z_index=&#8221;10&#8243; max_width=&#8221;none&#8221; global_colors_info=&#8221;{}&#8221;][et_pb_column type=&#8221;4_4&#8243; _builder_version=&#8221;4.21.0&#8243; _module_preset=&#8221;default&#8221; global_colors_info=&#8221;{}&#8221;][et_pb_text _builder_version=&#8221;4.27.4&#8243; _module_preset=&#8221;387046dc-029d-4355-980e-8ef5c20b0c14&#8243; header_font=&#8221;Bilbo||||||||&#8221; text_orientation=&#8221;right&#8221; header_text_shadow_style=&#8221;preset1&#8243; header_text_shadow_horizontal_length=&#8221;0.09em&#8221; header_text_shadow_vertical_length=&#8221;0.02em&#8221; header_text_shadow_color=&#8221;rgba(0,0,0,0.21)&#8221; locked=&#8221;off&#8221; global_colors_info=&#8221;{}&#8221;]<\/p>\n<h1>Doma\u010dija \u017dagar<\/h1>\n<p>[\/et_pb_text][\/et_pb_column][\/et_pb_row][et_pb_row _builder_version=&#8221;4.21.0&#8243; _module_preset=&#8221;default&#8221; positioning=&#8221;absolute&#8221; position_origin_a=&#8221;bottom_left&#8221; z_index=&#8221;0&#8243; width=&#8221;100%&#8221; max_width=&#8221;none&#8221; custom_padding=&#8221;||0px|||&#8221; global_colors_info=&#8221;{}&#8221;][et_pb_column type=&#8221;4_4&#8243; _builder_version=&#8221;4.21.0&#8243; _module_preset=&#8221;default&#8221; global_colors_info=&#8221;{}&#8221;][et_pb_image src=&#8221;https:\/\/tlabz.eu\/demokmetija\/wp-content\/uploads\/2025\/02\/watercolor-divider-01.png&#8221; title_text=&#8221;watercolor-divider-01&#8243; _builder_version=&#8221;4.27.4&#8243; _module_preset=&#8221;default&#8221; global_colors_info=&#8221;{}&#8221;][\/et_pb_image][\/et_pb_column][\/et_pb_row][\/et_pb_section][et_pb_section fb_built=&#8221;1&#8243; admin_label=&#8221;Header&#8221; _builder_version=&#8221;4.27.2&#8243; _module_preset=&#8221;default&#8221; background_color=&#8221;#FFFFFF&#8221; custom_padding=&#8221;28px||16px|||&#8221; collapsed=&#8221;on&#8221; global_colors_info=&#8221;{}&#8221;][et_pb_row column_structure=&#8221;1_2,1_2&#8243; _builder_version=&#8221;4.21.0&#8243; _module_preset=&#8221;default&#8221; custom_padding=&#8221;13px||37px|||&#8221; global_colors_info=&#8221;{}&#8221;][et_pb_column type=&#8221;1_2&#8243; _builder_version=&#8221;4.21.0&#8243; _module_preset=&#8221;default&#8221; global_colors_info=&#8221;{}&#8221;][et_pb_text _builder_version=&#8221;4.27.4&#8243; _module_preset=&#8221;b427fb32-ad0a-4bba-8966-18e5c46d3f45&#8243; header_font_size=&#8221;57px&#8221; locked=&#8221;off&#8221; global_colors_info=&#8221;{}&#8221;]<\/p>\n<h1>o doma\u010diji<\/h1>\n<p>[\/et_pb_text][et_pb_text _builder_version=&#8221;4.27.4&#8243; _module_preset=&#8221;0e0ac5c8-855d-45ce-977b-a1f79afaedac&#8221; custom_margin=&#8221;-29px|||||&#8221; locked=&#8221;off&#8221; global_colors_info=&#8221;{}&#8221;]<\/p>\n<p style=\"font-weight: 400;\"><strong>Doma\u010dija \u017dagar<\/strong> je pravo skrito kraljestvo v objemu \u010darobne <strong>Vremske doline<\/strong>, kjer se ne\u017eno prepletata spokojnost narave in bogata dedi\u0161\u010dina preteklosti. Ob robu zelenih <strong>Brkinov<\/strong>, v o\u010darljivi vasici <strong>Buje<\/strong>, le\u017ei ta starodavna doma\u010dija tik ob <strong>reki Reki,<\/strong> ki s svojim kristalno \u010distim tokom prina\u0161a neskon\u010den mir. Povsod naokrog se razprostirajo mehki travniki, ki jih pomladi posujejo cvetovi marjetic in zvon\u010dkov, poleti pa jih polni omamen vonj sve\u017ee poko\u0161ene trave in divjih zeli\u0161\u010d. Gozdovi v bli\u017eini skrivajo bogastvo divjih sade\u017eev in skrivnostnih stezic, ki vabijo radovedne popotnike v svoje tihe sence.<span>\u00a0<\/span><\/p>\n<p style=\"font-weight: 400;\">Na doma\u010diji se \u010das zdi ujet v sladko brez\u010dasje. Ovce se mirno pasejo po gri\u010dih, konji po\u010dasi grizljajo so\u010dno travo, medtem ko son\u010dni \u017earki ple\u0161ejo po njihovih sijo\u010dih grivah. V daljavi se sli\u0161i petje ptic, ki se v popolnem zboru prepletajo z melodijo reke. Prav vsak koti\u010dek doma\u010dije pripoveduje zgodbe preteklih stoletij, ko je \u017eivljenje teklo v ritmu narave \u2013 obdelovanje zemlje, skrb za \u017eivali in praznovanja ob plodovih dela pridnih rok.<span>\u00a0<\/span><\/p>\n<p style=\"font-weight: 400;\"><strong>Zgodovina doma\u010dije sega v leto 1588<\/strong>, kar ji daje pridih starodavne veli\u010dine. Njeni <strong>kamniti zidovi<\/strong>, prekriti z br\u0161ljanom, skrivajo spomine mnogih generacij. Leta 2022 je doma\u010dija prejela presti\u017eno priznanje za najbolj avtenti\u010den primer ohranjanja dedi\u0161\u010dine \u2013 tako za skrbno prenovljena poslopja, ki so ohranila svojo prvinsko lepoto, kot za ljubezen do nesnovne dedi\u0161\u010dine, ki jo <strong>dru\u017eina Dekleva<\/strong> \u0161e danes \u017eivi in prena\u0161a na prihodnje rodove.<span>\u00a0<\/span><\/p>\n<p>[\/et_pb_text][et_pb_image src=&#8221;https:\/\/tlabz.eu\/demokmetija\/wp-content\/uploads\/2025\/02\/watercolor-mask-03-600px.png&#8221; title_text=&#8221;Letnica1885&#8243; _builder_version=&#8221;4.27.4&#8243; _module_preset=&#8221;default&#8221; background_image=&#8221;https:\/\/tlabz.eu\/demokmetija\/wp-content\/uploads\/2025\/02\/Letnica1885.jpg&#8221; custom_margin=&#8221;||-50px|||&#8221; custom_padding=&#8221;||0px|||&#8221; global_colors_info=&#8221;{}&#8221;][\/et_pb_image][\/et_pb_column][et_pb_column type=&#8221;1_2&#8243; _builder_version=&#8221;4.21.0&#8243; _module_preset=&#8221;default&#8221; global_colors_info=&#8221;{}&#8221;][et_pb_image src=&#8221;https:\/\/tlabz.eu\/demokmetija\/wp-content\/uploads\/2025\/02\/watercolor-mask-03-600px.png&#8221; title_text=&#8221;kolo_splet&#8221; _builder_version=&#8221;4.27.2&#8243; _module_preset=&#8221;default&#8221; background_image=&#8221;https:\/\/tlabz.eu\/demokmetija\/wp-content\/uploads\/2025\/02\/kolo_splet.jpg&#8221; custom_margin=&#8221;34px|||||&#8221; global_colors_info=&#8221;{}&#8221;][\/et_pb_image][et_pb_text _builder_version=&#8221;4.27.4&#8243; _module_preset=&#8221;0e0ac5c8-855d-45ce-977b-a1f79afaedac&#8221; custom_margin=&#8221;-29px|||||&#8221; custom_padding=&#8221;40px|||||&#8221; locked=&#8221;off&#8221; global_colors_info=&#8221;{}&#8221;]<\/p>\n<p style=\"font-weight: 400;\">Danes doma\u010dijo z veliko ljubezni vodi \u017ee <strong>\u0161esti rod<\/strong> dru\u017eine Dekleva, ki gostom nudi topel objem in zavetje pred mestnim vrve\u017eem. To je prostor za vse, ki hrepenite po spokojnosti in \u017eelite znova za\u010dutiti povezanost z naravo. Prebudili se boste ob \u0161epetu reke, zjutraj boste vdihnili sve\u017e zrak, ki di\u0161i po rosnih travnikih in cveto\u010dih sadovnjakih, zve\u010der pa boste zaspali ob melodiji vetra, ki lahkotno preigrava kro\u0161nje mogo\u010dnih hrastov.<span>\u00a0<\/span><\/p>\n<p style=\"font-weight: 400;\">Vabimo vas, da odkrijete \u010dar na\u0161e doma\u010dije. V senci starih dreves lahko u\u017eivate v piknikih ob \u017eubore\u010di reki, se sprehajate po gozdnih poteh, kjer se son\u010dna svetloba igra skozi listje, nabirate di\u0161e\u010de gobe, sladke robidnice in borovnice, ali pa se preprosto predate sanjarjenju ob opazovanju konj, ki svobodno tekajo po pa\u0161nikih. Za tiste, ki i\u0161\u010dete avanturo, je tu mo\u017enost \u010dolnarjenja po mirni reki Reki, kolesarjenja po zavitih pode\u017eelskih cestah in odkrivanja <strong>skrivnosti Brkinov<\/strong>, kjer \u010das te\u010de druga\u010de \u2013 bolj ne\u017eno, po\u010dasneje, a neskon\u010dno bogato.<span>\u00a0<\/span><\/p>\n<p style=\"font-weight: 400;\"><em><strong>Doma\u010dija \u017dagar<\/strong> je kraj, kjer se narava in zgodovina prepletata v popolni harmoniji. To je prostor, kjer du\u0161a najde mir, srce pa nov navdih. Pridite in do\u017eivite \u010dar tega skritega koti\u010dka sveta \u2013 morda boste v \u0161epetu reke in pesmi vetra na\u0161li zgodbo, ki vas bo spremljala \u0161e dolgo po odhodu.<\/em><\/p>\n<p>[\/et_pb_text][\/et_pb_column][\/et_pb_row][\/et_pb_section][et_pb_section fb_built=&#8221;1&#8243; admin_label=&#8221;Testimonials&#8221; _builder_version=&#8221;4.21.0&#8243; _module_preset=&#8221;default&#8221; background_color=&#8221;gcid-e787f6e4-87be-4325-83ae-4380ef468485&#8243; custom_padding=&#8221;0px||0px|||&#8221; saved_tabs=&#8221;all&#8221; collapsed=&#8221;on&#8221; global_colors_info=&#8221;{%22gcid-e787f6e4-87be-4325-83ae-4380ef468485%22:%91%22background_color%22%93}&#8221;][et_pb_row _builder_version=&#8221;4.21.0&#8243; _module_preset=&#8221;default&#8221; global_colors_info=&#8221;{}&#8221;][et_pb_column type=&#8221;4_4&#8243; _builder_version=&#8221;4.21.0&#8243; _module_preset=&#8221;default&#8221; global_colors_info=&#8221;{}&#8221;][et_pb_slider _builder_version=&#8221;4.27.2&#8243; _module_preset=&#8221;a357790d-6e7e-4f05-a931-9963b95fa7c2&#8243; custom_padding=&#8221;17px||8px|||&#8221; locked=&#8221;off&#8221; global_colors_info=&#8221;{%22gcid-4a53c4f2-10a4-4df5-aae5-66892dee9e02%22:%91%22form_field_text_color%22,%22arrows_custom_color%22,%22dot_nav_custom_color%22%93,%22gcid-a2350b10-418b-42fb-a64f-595e76ef52f3%22:%91%22header_text_color%22%93,%22gcid-c2933ceb-9641-4d37-bb1b-61eb067d45cb%22:%91%22body_text_color%22%93}&#8221;][et_pb_slide heading=&#8221;%22Ta bistra voda, ki te\u010de v hitrih potokih in rekah, ni samo voda, ampak kri na\u0161ih prednikov.%22&#8243; _builder_version=&#8221;4.27.2&#8243; _module_preset=&#8221;default&#8221; locked=&#8221;off&#8221; global_colors_info=&#8221;{}&#8221; sticky_transition=&#8221;on&#8221;][\/et_pb_slide][\/et_pb_slider][\/et_pb_column][\/et_pb_row][\/et_pb_section][et_pb_section fb_built=&#8221;1&#8243; admin_label=&#8221;Services&#8221; _builder_version=&#8221;4.21.0&#8243; _module_preset=&#8221;default&#8221; locked=&#8221;off&#8221; collapsed=&#8221;on&#8221; global_colors_info=&#8221;{}&#8221;][et_pb_row _builder_version=&#8221;4.27.2&#8243; _module_preset=&#8221;default&#8221; global_colors_info=&#8221;{}&#8221;][et_pb_column type=&#8221;4_4&#8243; _builder_version=&#8221;4.27.2&#8243; _module_preset=&#8221;default&#8221; global_colors_info=&#8221;{}&#8221;][et_pb_text _builder_version=&#8221;4.27.4&#8243; _module_preset=&#8221;b427fb32-ad0a-4bba-8966-18e5c46d3f45&#8243; header_font_size=&#8221;57px&#8221; locked=&#8221;off&#8221; global_colors_info=&#8221;{}&#8221;]<\/p>\n<h1>doma\u010dija \u017eagar neko\u010d<\/h1>\n<p>[\/et_pb_text][\/et_pb_column][\/et_pb_row][et_pb_row column_structure=&#8221;1_2,1_2&#8243; _builder_version=&#8221;4.21.0&#8243; _module_preset=&#8221;default&#8221; saved_tabs=&#8221;all&#8221; global_colors_info=&#8221;{}&#8221;][et_pb_column type=&#8221;1_2&#8243; _builder_version=&#8221;4.21.0&#8243; _module_preset=&#8221;default&#8221; global_colors_info=&#8221;{}&#8221;][et_pb_image src=&#8221;https:\/\/tlabz.eu\/demokmetija\/wp-content\/uploads\/2025\/02\/domacija_BW-1.jpg&#8221; title_text=&#8221;domacija_BW&#8221; _builder_version=&#8221;4.27.4&#8243; _module_preset=&#8221;default&#8221; global_colors_info=&#8221;{}&#8221;][\/et_pb_image][et_pb_text _builder_version=&#8221;4.27.4&#8243; _module_preset=&#8221;d1a1bfe8-6723-4c0c-905d-b2cb543df410&#8243; header_5_font=&#8221;ABeeZee|&#8211;et_global_body_font_weight|||||||&#8221; custom_margin=&#8221;-14px||25px||false|false&#8221; global_colors_info=&#8221;{}&#8221;]<\/p>\n<h5>Doma\u010dija neko\u010d<\/h5>\n<p>[\/et_pb_text][et_pb_image src=&#8221;https:\/\/tlabz.eu\/demokmetija\/wp-content\/uploads\/2025\/02\/DomacijaKonji_koloLed.jpg&#8221; title_text=&#8221;DomacijaKonji_koloLed&#8221; _builder_version=&#8221;4.27.4&#8243; _module_preset=&#8221;default&#8221; global_colors_info=&#8221;{}&#8221;][\/et_pb_image][et_pb_text _builder_version=&#8221;4.27.4&#8243; _module_preset=&#8221;d1a1bfe8-6723-4c0c-905d-b2cb543df410&#8243; header_5_font=&#8221;ABeeZee|500|||||||&#8221; custom_margin=&#8221;-14px||25px||false|false&#8221; global_colors_info=&#8221;{}&#8221;]<\/p>\n<h5>Zaledenelo mlinsko kolo<\/h5>\n<p>[\/et_pb_text][\/et_pb_column][et_pb_column type=&#8221;1_2&#8243; _builder_version=&#8221;4.21.0&#8243; _module_preset=&#8221;default&#8221; global_colors_info=&#8221;{}&#8221;][et_pb_image src=&#8221;https:\/\/tlabz.eu\/demokmetija\/wp-content\/uploads\/2025\/02\/DomacijaKonji_koloPoleti.jpg&#8221; title_text=&#8221;DomacijaKonji_koloPoleti&#8221; _builder_version=&#8221;4.27.4&#8243; _module_preset=&#8221;default&#8221; global_colors_info=&#8221;{}&#8221;][\/et_pb_image][et_pb_text _builder_version=&#8221;4.27.4&#8243; _module_preset=&#8221;d1a1bfe8-6723-4c0c-905d-b2cb543df410&#8243; header_5_font=&#8221;ABeeZee|500|||||||&#8221; custom_margin=&#8221;-14px||25px||false|false&#8221; global_colors_info=&#8221;{}&#8221;]<\/p>\n<h5>Mlinska kolesa<\/h5>\n<p>[\/et_pb_text][et_pb_image src=&#8221;https:\/\/tlabz.eu\/demokmetija\/wp-content\/uploads\/2025\/02\/DruzinaWB.jpg&#8221; title_text=&#8221;DruzinaWB&#8221; _builder_version=&#8221;4.27.4&#8243; _module_preset=&#8221;default&#8221; global_colors_info=&#8221;{}&#8221;][\/et_pb_image][et_pb_text _builder_version=&#8221;4.27.4&#8243; _module_preset=&#8221;d1a1bfe8-6723-4c0c-905d-b2cb543df410&#8243; header_5_font=&#8221;ABeeZee|500|||||||&#8221; custom_margin=&#8221;-14px||25px||false|false&#8221; global_colors_info=&#8221;{}&#8221;]<\/p>\n<h5>Iz roda v rod<\/h5>\n<p>[\/et_pb_text][\/et_pb_column][\/et_pb_row][et_pb_row _builder_version=&#8221;4.27.2&#8243; _module_preset=&#8221;default&#8221; global_colors_info=&#8221;{}&#8221;][et_pb_column type=&#8221;4_4&#8243; _builder_version=&#8221;4.27.2&#8243; _module_preset=&#8221;default&#8221; global_colors_info=&#8221;{}&#8221;][et_pb_text _builder_version=&#8221;4.27.4&#8243; _module_preset=&#8221;b427fb32-ad0a-4bba-8966-18e5c46d3f45&#8243; header_font_size=&#8221;58px&#8221; locked=&#8221;off&#8221; global_colors_info=&#8221;{}&#8221;]<\/p>\n<h1>doma\u010dija \u017eagar danes<\/h1>\n<p>[\/et_pb_text][\/et_pb_column][\/et_pb_row][et_pb_row _builder_version=&#8221;4.27.4&#8243; _module_preset=&#8221;default&#8221; saved_tabs=&#8221;all&#8221; global_colors_info=&#8221;{}&#8221;][et_pb_column type=&#8221;4_4&#8243; _builder_version=&#8221;4.21.0&#8243; _module_preset=&#8221;default&#8221; global_colors_info=&#8221;{}&#8221;][et_pb_gallery gallery_ids=&#8221;385,386,387,406&#8243; show_title_and_caption=&#8221;off&#8221; show_pagination=&#8221;off&#8221; _builder_version=&#8221;4.27.4&#8243; _module_preset=&#8221;default&#8221; width=&#8221;100%&#8221; module_alignment=&#8221;left&#8221; custom_padding=&#8221;0px|||0px|false|false&#8221; global_colors_info=&#8221;{}&#8221;][\/et_pb_gallery][\/et_pb_column][\/et_pb_row][et_pb_row _builder_version=&#8221;4.27.2&#8243; _module_preset=&#8221;default&#8221; global_colors_info=&#8221;{}&#8221;][et_pb_column type=&#8221;4_4&#8243; _builder_version=&#8221;4.27.2&#8243; _module_preset=&#8221;default&#8221; global_colors_info=&#8221;{}&#8221;][et_pb_text _builder_version=&#8221;4.27.4&#8243; _module_preset=&#8221;b427fb32-ad0a-4bba-8966-18e5c46d3f45&#8243; header_font=&#8221;Playfair Display|700|||||||&#8221; header_font_size=&#8221;38px&#8221; link_option_url=&#8221;https:\/\/tlabz.eu\/demokmetija\/index.php\/hiska-kovacija\/&#8221; locked=&#8221;off&#8221; global_colors_info=&#8221;{}&#8221;]<\/p>\n<h1>Vabljeni v Hi\u0161ko Kova\u010dija &#8211; sanjski koti\u010dek v zavetju Brkinov<\/h1>\n<p>[\/et_pb_text][\/et_pb_column][\/et_pb_row][et_pb_row _builder_version=&#8221;4.27.4&#8243; _module_preset=&#8221;default&#8221; global_colors_info=&#8221;{}&#8221;][et_pb_column type=&#8221;4_4&#8243; _builder_version=&#8221;4.27.4&#8243; _module_preset=&#8221;default&#8221; global_colors_info=&#8221;{}&#8221;][et_pb_map _builder_version=&#8221;4.27.4&#8243; _module_preset=&#8221;default&#8221; address=&#8221;Brkinska ulica 20,6310 izola&#8221; hover_enabled=&#8221;0&#8243; sticky_enabled=&#8221;0&#8243; google_api_key=&#8221;AIzaSyAjgtIUdKUhcX1UxaLkCirEl-p_kprBQmY&#8221;][\/et_pb_map][\/et_pb_column][\/et_pb_row][\/et_pb_section][et_pb_section fb_built=&#8221;1&#8243; admin_label=&#8221;Footer&#8221; _builder_version=&#8221;4.27.2&#8243; _module_preset=&#8221;default&#8221; use_background_color_gradient=&#8221;on&#8221; background_color_gradient_stops=&#8221;gcid-9735c811-14cd-4d63-8358-8506147896d3 30%|rgba(52,33,7,0.85) 100%&#8221; background_color_gradient_overlays_image=&#8221;on&#8221; background_image=&#8221;https:\/\/tlabz.eu\/demokmetija\/wp-content\/uploads\/2025\/02\/kmetija_poslopje_splet_spodaj_splet.jpg&#8221; custom_padding=&#8221;||0px||false|false&#8221; saved_tabs=&#8221;all&#8221; locked=&#8221;off&#8221; collapsed=&#8221;on&#8221; global_colors_info=&#8221;{%22gcid-9735c811-14cd-4d63-8358-8506147896d3%22:%91%22background_color_gradient_stops%22%93}&#8221;][et_pb_row column_structure=&#8221;1_3,1_3,1_3&#8243; _builder_version=&#8221;4.21.0&#8243; _module_preset=&#8221;default&#8221; custom_margin=&#8221;||60px||false|false&#8221; global_colors_info=&#8221;{}&#8221;][et_pb_column type=&#8221;1_3&#8243; _builder_version=&#8221;4.21.0&#8243; _module_preset=&#8221;default&#8221; global_colors_info=&#8221;{}&#8221;][et_pb_text _builder_version=&#8221;4.27.4&#8243; _module_preset=&#8221;0c1a3866-8c65-4f3a-83cf-b16f2b5488ab&#8221; header_6_text_color=&#8221;#B5A289&#8243; global_colors_info=&#8221;{}&#8221;]<\/p>\n<h6><a href=\"https:\/\/tlabz.eu\/demokmetija\/\">Doma\u010dija \u017dagar<\/a><\/h6>\n<p>[\/et_pb_text][et_pb_text _builder_version=&#8221;4.27.4&#8243; _module_preset=&#8221;983ffb74-c8c2-4d79-a86e-2d9151e91cc0&#8243; text_text_color=&#8221;#FFFFFF&#8221; link_text_color=&#8221;#FFFFFF&#8221; locked=&#8221;off&#8221; global_colors_info=&#8221;{}&#8221;]<\/p>\n<p><a href=\"https:\/\/tlabz.eu\/demokmetija\/index.php\/oskrba-konj\/\">Oskrba konja<\/a><\/p>\n<p>[\/et_pb_text][et_pb_text _builder_version=&#8221;4.27.4&#8243; _module_preset=&#8221;983ffb74-c8c2-4d79-a86e-2d9151e91cc0&#8243; text_text_color=&#8221;#FFFFFF&#8221; link_text_color=&#8221;#FFFFFF&#8221; locked=&#8221;off&#8221; global_colors_info=&#8221;{}&#8221;]<\/p>\n<p><a href=\"https:\/\/tlabz.eu\/demokmetija\/index.php\/hiska-kovacija\/\">Hi\u0161ka Kova\u010dija<\/a><\/p>\n<p>[\/et_pb_text][\/et_pb_column][et_pb_column type=&#8221;1_3&#8243; _builder_version=&#8221;4.21.0&#8243; _module_preset=&#8221;default&#8221; global_colors_info=&#8221;{}&#8221;][et_pb_text _builder_version=&#8221;4.27.2&#8243; _module_preset=&#8221;0c1a3866-8c65-4f3a-83cf-b16f2b5488ab&#8221; header_6_text_color=&#8221;#B5A289&#8243; locked=&#8221;off&#8221; global_colors_info=&#8221;{}&#8221;]<\/p>\n<h6>Kontakt<\/h6>\n<p>[\/et_pb_text][et_pb_text _builder_version=&#8221;4.27.2&#8243; _module_preset=&#8221;983ffb74-c8c2-4d79-a86e-2d9151e91cc0&#8243; text_text_color=&#8221;#FFFFFF&#8221; link_text_color=&#8221;#FFFFFF&#8221; custom_margin=&#8221;||0px||false|false&#8221; locked=&#8221;off&#8221; global_colors_info=&#8221;{}&#8221;]<\/p>\n<p>info@domacija-zagar.si<\/p>\n<p>[\/et_pb_text][et_pb_text _builder_version=&#8221;4.27.4&#8243; _module_preset=&#8221;4d450edd-0aa9-42f0-a2f2-d9ab9c7c0138&#8243; link_text_color=&#8221;#FFFFFF&#8221; header_4_text_color=&#8221;#FFFFFF&#8221; locked=&#8221;off&#8221; global_colors_info=&#8221;{}&#8221;]<\/p>\n<h4>+386 51 640 950<\/h4>\n<p>[\/et_pb_text][et_pb_text _builder_version=&#8221;4.27.2&#8243; _module_preset=&#8221;983ffb74-c8c2-4d79-a86e-2d9151e91cc0&#8243; text_text_color=&#8221;#FFFFFF&#8221; link_text_color=&#8221;#FFFFFF&#8221; locked=&#8221;off&#8221; global_colors_info=&#8221;{}&#8221;]<\/p>\n<p>Buje 1, 6217 Vremski Britof<\/p>\n<p>[\/et_pb_text][\/et_pb_column][et_pb_column type=&#8221;1_3&#8243; _builder_version=&#8221;4.21.0&#8243; _module_preset=&#8221;default&#8221; global_colors_info=&#8221;{}&#8221;][et_pb_text _builder_version=&#8221;4.27.2&#8243; _module_preset=&#8221;0c1a3866-8c65-4f3a-83cf-b16f2b5488ab&#8221; header_6_text_color=&#8221;#B5A289&#8243; locked=&#8221;off&#8221; global_colors_info=&#8221;{}&#8221;]<\/p>\n<h6>Sledite nam na:\u00a0<\/h6>\n<p>[\/et_pb_text][et_pb_social_media_follow _builder_version=&#8221;4.27.2&#8243; _module_preset=&#8221;default&#8221; global_colors_info=&#8221;{}&#8221;][et_pb_social_media_follow_network social_network=&#8221;facebook&#8221; _builder_version=&#8221;4.21.0&#8243; _module_preset=&#8221;default&#8221; background_color=&#8221;RGBA(255,255,255,0)&#8221; background_enable_color=&#8221;on&#8221; custom_padding=&#8221;4px|4px|4px|4px|true|true&#8221; border_radii=&#8221;on|100px|100px|100px|100px&#8221; border_width_all=&#8221;1px&#8221; border_color_all=&#8221;#FFFFFF&#8221; global_colors_info=&#8221;{}&#8221; follow_button=&#8221;off&#8221; url_new_window=&#8221;on&#8221;]facebook[\/et_pb_social_media_follow_network][et_pb_social_media_follow_network social_network=&#8221;instagram&#8221; _builder_version=&#8221;4.21.0&#8243; _module_preset=&#8221;default&#8221; background_color=&#8221;RGBA(255,255,255,0)&#8221; background_enable_color=&#8221;on&#8221; custom_padding=&#8221;4px|4px|4px|4px|true|true&#8221; border_radii=&#8221;on|100px|100px|100px|100px&#8221; border_width_all=&#8221;1px&#8221; border_color_all=&#8221;#FFFFFF&#8221; global_colors_info=&#8221;{}&#8221; follow_button=&#8221;off&#8221; url_new_window=&#8221;on&#8221;]instagram[\/et_pb_social_media_follow_network][\/et_pb_social_media_follow][\/et_pb_column][\/et_pb_row][et_pb_row _builder_version=&#8221;4.21.0&#8243; _module_preset=&#8221;default&#8221; width=&#8221;100%&#8221; max_width=&#8221;none&#8221; border_color_all=&#8221;rgba(255,255,255,0.12)&#8221; border_width_top=&#8221;1px&#8221; global_colors_info=&#8221;{}&#8221;][et_pb_column type=&#8221;4_4&#8243; _builder_version=&#8221;4.21.0&#8243; _module_preset=&#8221;default&#8221; global_colors_info=&#8221;{}&#8221;][et_pb_text _builder_version=&#8221;4.27.2&#8243; _dynamic_attributes=&#8221;content&#8221; _module_preset=&#8221;a275cf25-839b-40d1-9682-3a112578b8b8&#8243; text_text_color=&#8221;gcid-4a53c4f2-10a4-4df5-aae5-66892dee9e02&#8243; text_font_size=&#8221;16px&#8221; text_orientation=&#8221;center&#8221; text_font_size_tablet=&#8221;15px&#8221; text_font_size_phone=&#8221;14px&#8221; text_font_size_last_edited=&#8221;on|desktop&#8221; locked=&#8221;off&#8221; global_colors_info=&#8221;{%22gcid-4a53c4f2-10a4-4df5-aae5-66892dee9e02%22:%91%22text_text_color%22%93}&#8221;]@ET-DC@eyJkeW5hbWljIjp0cnVlLCJjb250ZW50IjoiY3VycmVudF9kYXRlIiwic2V0dGluZ3MiOnsiYmVmb3JlIjoiVnNlIHByYXZpY2UgcHJpZHJcdTAxN2VhbmUgJmNvcHk7ICIsImFmdGVyIjoiICBLbWV0aWphIFx1MDE3ZGFnYXIuIiwiZGF0ZV9mb3JtYXQiOiJjdXN0b20iLCJjdXN0b21fZGF0ZV9mb3JtYXQiOiJZIn19@[\/et_pb_text][\/et_pb_column][\/et_pb_row][\/et_pb_section]<\/p>\n","protected":false},"excerpt":{"rendered":"<p>Doma\u010dija \u017dagaro doma\u010dijiDoma\u010dija \u017dagar je pravo skrito kraljestvo v objemu \u010darobne Vremske doline, kjer se ne\u017eno prepletata spokojnost narave in bogata dedi\u0161\u010dina preteklosti. Ob robu zelenih Brkinov, v o\u010darljivi vasici Buje, le\u017ei ta starodavna doma\u010dija tik ob reki Reki, ki s svojim kristalno \u010distim tokom prina\u0161a neskon\u010den mir. Povsod naokrog se razprostirajo mehki travniki, ki [&hellip;]<\/p>\n","protected":false},"author":1,"featured_media":0,"parent":0,"menu_order":0,"comment_status":"closed","ping_status":"closed","template":"","meta":{"_et_pb_use_builder":"on","_et_pb_old_content":"","_et_gb_content_width":"","footnotes":""},"class_list":["post-12","page","type-page","status-publish","hentry"],"_links":{"self":[{"href":"https:\/\/tlabz.eu\/demokmetija\/index.php\/wp-json\/wp\/v2\/pages\/12","targetHints":{"allow":["GET"]}}],"collection":[{"href":"https:\/\/tlabz.eu\/demokmetija\/index.php\/wp-json\/wp\/v2\/pages"}],"about":[{"href":"https:\/\/tlabz.eu\/demokmetija\/index.php\/wp-json\/wp\/v2\/types\/page"}],"author":[{"embeddable":true,"href":"https:\/\/tlabz.eu\/demokmetija\/index.php\/wp-json\/wp\/v2\/users\/1"}],"replies":[{"embeddable":true,"href":"https:\/\/tlabz.eu\/demokmetija\/index.php\/wp-json\/wp\/v2\/comments?post=12"}],"version-history":[{"count":65,"href":"https:\/\/tlabz.eu\/demokmetija\/index.php\/wp-json\/wp\/v2\/pages\/12\/revisions"}],"predecessor-version":[{"id":427,"href":"https:\/\/tlabz.eu\/demokmetija\/index.php\/wp-json\/wp\/v2\/pages\/12\/revisions\/427"}],"wp:attachment":[{"href":"https:\/\/tlabz.eu\/demokmetija\/index.php\/wp-json\/wp\/v2\/media?parent=12"}],"curies":[{"name":"wp","href":"https:\/\/api.w.org\/{rel}","templated":true}]}}