{"id":38,"date":"2024-11-03T21:06:02","date_gmt":"2024-11-03T21:06:02","guid":{"rendered":"https:\/\/tlabz.eu\/demokmetija\/?page_id=38"},"modified":"2025-04-05T13:33:29","modified_gmt":"2025-04-05T13:33:29","slug":"oskrba-konj","status":"publish","type":"page","link":"https:\/\/tlabz.eu\/demokmetija\/index.php\/oskrba-konj\/","title":{"rendered":"Oskrba konj"},"content":{"rendered":"<p>[et_pb_section fb_built=&#8221;1&#8243; custom_padding_last_edited=&#8221;on|desktop&#8221; admin_label=&#8221;Header&#8221; _builder_version=&#8221;4.27.4&#8243; _module_preset=&#8221;default&#8221; use_background_color_gradient=&#8221;on&#8221; background_color_gradient_stops=&#8221;rgba(51,29,14,0.52) 0%|rgba(52,33,7,0.7) 100%&#8221; background_color_gradient_overlays_image=&#8221;on&#8221; background_image=&#8221;https:\/\/tlabz.eu\/demokmetija\/wp-content\/uploads\/2025\/02\/horse-riding-9.jpg&#8221; custom_padding=&#8221;22vw||70px||false|false&#8221; custom_padding_tablet=&#8221;60px||||false|false&#8221; custom_padding_phone=&#8221;60px||||false|false&#8221; locked=&#8221;off&#8221; collapsed=&#8221;on&#8221; global_colors_info=&#8221;{}&#8221;][et_pb_row _builder_version=&#8221;4.21.0&#8243; _module_preset=&#8221;default&#8221; z_index=&#8221;10&#8243; max_width=&#8221;none&#8221; global_colors_info=&#8221;{}&#8221;][et_pb_column type=&#8221;4_4&#8243; _builder_version=&#8221;4.21.0&#8243; _module_preset=&#8221;default&#8221; global_colors_info=&#8221;{}&#8221;][et_pb_text _builder_version=&#8221;4.27.4&#8243; _module_preset=&#8221;387046dc-029d-4355-980e-8ef5c20b0c14&#8243; header_font=&#8221;Bilbo||||||||&#8221; header_font_size=&#8221;6vw&#8221; text_orientation=&#8221;right&#8221; header_text_shadow_style=&#8221;preset1&#8243; header_text_shadow_horizontal_length=&#8221;0.09em&#8221; header_text_shadow_vertical_length=&#8221;0.02em&#8221; header_text_shadow_color=&#8221;rgba(0,0,0,0.21)&#8221; locked=&#8221;off&#8221; global_colors_info=&#8221;{}&#8221;]<\/p>\n<h1>Oskrba konj &#8211; s strastjo do konj in narve<\/h1>\n<p>[\/et_pb_text][\/et_pb_column][\/et_pb_row][et_pb_row _builder_version=&#8221;4.21.0&#8243; _module_preset=&#8221;default&#8221; positioning=&#8221;absolute&#8221; position_origin_a=&#8221;bottom_left&#8221; z_index=&#8221;0&#8243; width=&#8221;100%&#8221; max_width=&#8221;none&#8221; custom_padding=&#8221;||0px|||&#8221; global_colors_info=&#8221;{}&#8221;][et_pb_column type=&#8221;4_4&#8243; _builder_version=&#8221;4.21.0&#8243; _module_preset=&#8221;default&#8221; global_colors_info=&#8221;{}&#8221;][et_pb_image src=&#8221;https:\/\/tlabz.eu\/demokmetija\/wp-content\/uploads\/2025\/02\/watercolor-divider-01.png&#8221; title_text=&#8221;watercolor-divider-01&#8243; _builder_version=&#8221;4.21.0&#8243; _module_preset=&#8221;default&#8221; global_colors_info=&#8221;{}&#8221;][\/et_pb_image][\/et_pb_column][\/et_pb_row][\/et_pb_section][et_pb_section fb_built=&#8221;1&#8243; admin_label=&#8221;Services&#8221; _builder_version=&#8221;4.27.4&#8243; _module_preset=&#8221;default&#8221; custom_padding=&#8221;||5px|||&#8221; locked=&#8221;off&#8221; collapsed=&#8221;on&#8221; global_colors_info=&#8221;{}&#8221;][et_pb_row _builder_version=&#8221;4.21.0&#8243; _module_preset=&#8221;default&#8221; max_width=&#8221;700px&#8221; custom_margin=&#8221;-49px|auto||auto||&#8221; global_colors_info=&#8221;{}&#8221;][et_pb_column type=&#8221;4_4&#8243; _builder_version=&#8221;4.21.0&#8243; _module_preset=&#8221;default&#8221; global_colors_info=&#8221;{}&#8221;][et_pb_text _builder_version=&#8221;4.27.4&#8243; _module_preset=&#8221;f09d82a9-670c-4f9d-abda-c087e0bb7aa0&#8243; text_orientation=&#8221;center&#8221; locked=&#8221;off&#8221; global_colors_info=&#8221;{}&#8221;]<\/p>\n<h2>Storitve za va\u0161e konje\u00a0<\/h2>\n<p>[\/et_pb_text][et_pb_text _builder_version=&#8221;4.27.4&#8243; _module_preset=&#8221;f09d82a9-670c-4f9d-abda-c087e0bb7aa0&#8243; header_2_font=&#8221;Playfair Display|600|||||||&#8221; header_2_font_size=&#8221;22px&#8221; text_orientation=&#8221;center&#8221; custom_margin=&#8221;-20px|||||&#8221; locked=&#8221;off&#8221; global_colors_info=&#8221;{}&#8221;]<\/p>\n<h2><i>Na\u0161i prostori za konje so ve\u010d kot le hlev \u2013 je skupnost, kjer se prepletajo tradicija, ljubezen do konj in narave ter prijateljstvo.<\/i><\/h2>\n<p>[\/et_pb_text][\/et_pb_column][\/et_pb_row][et_pb_row column_structure=&#8221;1_2,1_2&#8243; _builder_version=&#8221;4.27.4&#8243; _module_preset=&#8221;default&#8221; global_colors_info=&#8221;{}&#8221;][et_pb_column type=&#8221;1_2&#8243; _builder_version=&#8221;4.21.0&#8243; _module_preset=&#8221;default&#8221; global_colors_info=&#8221;{}&#8221;][et_pb_text _builder_version=&#8221;4.27.4&#8243; _module_preset=&#8221;d02826a8-e96e-470a-bb5b-13873e20a9b7&#8243; header_text_align=&#8221;center&#8221; header_6_text_color=&#8221;gcid-4a53c4f2-10a4-4df5-aae5-66892dee9e02&#8243; header_6_font_size=&#8221;24px&#8221; module_alignment=&#8221;center&#8221; custom_margin=&#8221;||0px||false|false&#8221; locked=&#8221;off&#8221; global_colors_info=&#8221;{%22gcid-4a53c4f2-10a4-4df5-aae5-66892dee9e02%22:%91%22header_6_text_color%22%93}&#8221;]<\/p>\n<h6 style=\"text-align: center;\">Dnevno \u010di\u0161\u010denje boksa<\/h6>\n<h6 style=\"text-align: center;\">Kakovostno krmljenje s senom<\/h6>\n<h6 style=\"text-align: center;\">Prostorna mane\u017ea<\/h6>\n<h6 style=\"text-align: center;\">Pralnica za konja<\/h6>\n<h6 style=\"text-align: center;\">Sedlarna<\/h6>\n<p>&nbsp;<\/p>\n<h6 style=\"text-align: center;\"><\/h6>\n<p>[\/et_pb_text][\/et_pb_column][et_pb_column type=&#8221;1_2&#8243; _builder_version=&#8221;4.27.4&#8243; _module_preset=&#8221;default&#8221; global_colors_info=&#8221;{}&#8221;][et_pb_text _builder_version=&#8221;4.27.4&#8243; _module_preset=&#8221;d02826a8-e96e-470a-bb5b-13873e20a9b7&#8243; header_text_align=&#8221;center&#8221; header_6_text_color=&#8221;gcid-4a53c4f2-10a4-4df5-aae5-66892dee9e02&#8243; header_6_font_size=&#8221;24px&#8221; module_alignment=&#8221;center&#8221; custom_margin=&#8221;||0px||false|false&#8221; locked=&#8221;off&#8221; global_colors_info=&#8221;{%22gcid-4a53c4f2-10a4-4df5-aae5-66892dee9e02%22:%91%22header_6_text_color%22%93}&#8221;]<\/p>\n<h6 style=\"text-align: center;\">Pre\u010dudoviti tereni za je\u017eo<\/h6>\n<h6 style=\"text-align: center;\">Urejeni sanitarni prostori<\/h6>\n<h6 style=\"text-align: center;\">Urejen parkirni prostor<\/h6>\n<h6 style=\"text-align: center;\">Dru\u017eabni prostori<\/h6>\n<h6 style=\"text-align: center;\">Dobro vzdu\u0161je<\/h6>\n<p>&nbsp;<\/p>\n<h6 style=\"text-align: center;\"><\/h6>\n<p>[\/et_pb_text][\/et_pb_column][\/et_pb_row][et_pb_row _builder_version=&#8221;4.27.4&#8243; _module_preset=&#8221;default&#8221; global_colors_info=&#8221;{}&#8221;][et_pb_column type=&#8221;4_4&#8243; _builder_version=&#8221;4.27.4&#8243; _module_preset=&#8221;default&#8221; global_colors_info=&#8221;{}&#8221;][et_pb_gallery gallery_ids=&#8221;360,361,362,363,411,364,366,367&#8243; posts_number=&#8221;8&#8243; show_title_and_caption=&#8221;off&#8221; show_pagination=&#8221;off&#8221; _builder_version=&#8221;4.27.4&#8243; _module_preset=&#8221;default&#8221; custom_margin=&#8221;0px||||false|false&#8221; custom_padding=&#8221;0px||||false|false&#8221; global_colors_info=&#8221;{}&#8221;][\/et_pb_gallery][\/et_pb_column][\/et_pb_row][et_pb_row _builder_version=&#8221;4.27.4&#8243; _module_preset=&#8221;default&#8221; global_colors_info=&#8221;{}&#8221; disabled_on=&#8221;on|on|on&#8221; disabled=&#8221;on&#8221;][et_pb_column type=&#8221;4_4&#8243; _builder_version=&#8221;4.21.0&#8243; _module_preset=&#8221;default&#8221; global_colors_info=&#8221;{}&#8221;][et_pb_text _builder_version=&#8221;4.27.4&#8243; _module_preset=&#8221;f09d82a9-670c-4f9d-abda-c087e0bb7aa0&#8243; text_orientation=&#8221;center&#8221; locked=&#8221;off&#8221; global_colors_info=&#8221;{}&#8221;]<\/p>\n<h2>Konji so del na\u0161ega vsakdana \u017ee od nekdaj<\/h2>\n<p>[\/et_pb_text][\/et_pb_column][\/et_pb_row][et_pb_row _builder_version=&#8221;4.27.4&#8243; _module_preset=&#8221;default&#8221; hover_enabled=&#8221;0&#8243; global_colors_info=&#8221;{}&#8221; sticky_enabled=&#8221;0&#8243;][et_pb_column type=&#8221;4_4&#8243; _builder_version=&#8221;4.27.4&#8243; _module_preset=&#8221;default&#8221; global_colors_info=&#8221;{}&#8221;][et_pb_gallery gallery_ids=&#8221;370,371,372,436&#8243; show_title_and_caption=&#8221;off&#8221; show_pagination=&#8221;off&#8221; _builder_version=&#8221;4.27.4&#8243; _module_preset=&#8221;default&#8221; width=&#8221;101%&#8221; custom_margin=&#8221;0px||||false|false&#8221; custom_padding=&#8221;0px||||false|false&#8221; hover_enabled=&#8221;0&#8243; global_colors_info=&#8221;{}&#8221; sticky_enabled=&#8221;0&#8243;][\/et_pb_gallery][\/et_pb_column][\/et_pb_row][et_pb_row _builder_version=&#8221;4.27.4&#8243; _module_preset=&#8221;default&#8221; max_width=&#8221;700px&#8221; module_alignment=&#8221;center&#8221; custom_margin=&#8221;-28px|auto||922px||&#8221; global_colors_info=&#8221;{}&#8221;][et_pb_column type=&#8221;4_4&#8243; _builder_version=&#8221;4.21.0&#8243; _module_preset=&#8221;default&#8221; global_colors_info=&#8221;{}&#8221;][et_pb_text _builder_version=&#8221;4.27.4&#8243; _module_preset=&#8221;f09d82a9-670c-4f9d-abda-c087e0bb7aa0&#8243; header_2_font=&#8221;Playfair Display|600|||||||&#8221; header_2_font_size=&#8221;22px&#8221; text_orientation=&#8221;center&#8221; custom_margin=&#8221;28px|||||&#8221; locked=&#8221;off&#8221; global_colors_info=&#8221;{}&#8221;]<\/p>\n<h2><i>Naj va\u0161 konj u\u017eiva v najbolj\u0161i oskrbi, vi pa v brezskrbnem jahanju in prijetni dru\u017ebi. <\/i><i>Rezervirajte svoj boks \u0161e danes in postanite del na\u0161e konjeni\u0161ke dru\u017eine!<\/i><\/h2>\n<p>[\/et_pb_text][\/et_pb_column][\/et_pb_row][\/et_pb_section][et_pb_section fb_built=&#8221;1&#8243; admin_label=&#8221;Feature&#8221; _builder_version=&#8221;4.21.0&#8243; _module_preset=&#8221;default&#8221; background_color=&#8221;gcid-e787f6e4-87be-4325-83ae-4380ef468485&#8243; locked=&#8221;off&#8221; collapsed=&#8221;on&#8221; global_colors_info=&#8221;{%22gcid-e787f6e4-87be-4325-83ae-4380ef468485%22:%91%22background_color%22%93}&#8221;][et_pb_row column_structure=&#8221;1_2,1_2&#8243; _builder_version=&#8221;4.21.0&#8243; _module_preset=&#8221;default&#8221; global_colors_info=&#8221;{}&#8221;][et_pb_column type=&#8221;1_2&#8243; _builder_version=&#8221;4.21.0&#8243; _module_preset=&#8221;default&#8221; global_colors_info=&#8221;{}&#8221;][et_pb_text _builder_version=&#8221;4.27.4&#8243; _module_preset=&#8221;f09d82a9-670c-4f9d-abda-c087e0bb7aa0&#8243; header_2_font_size=&#8221;44px&#8221; locked=&#8221;off&#8221; global_colors_info=&#8221;{}&#8221;]<\/p>\n<h2>S strastjo, ljubeznijo in veseljem do konj in narave &#8211; vrhunska oskrba za va\u0161ega konja!<\/h2>\n<p>[\/et_pb_text][et_pb_text _builder_version=&#8221;4.27.4&#8243; _module_preset=&#8221;f163c8ff-a39b-4667-9f26-253541de98de&#8221; locked=&#8221;off&#8221; global_colors_info=&#8221;{}&#8221;]<\/p>\n<p><i><span class=\"il\">Konji<\/span><span>\u00a0<\/span>so na\u0161i \u017eivljenjski sopotniki, prijatelji in u\u010ditelji. Z dolgoletnimi izku\u0161njami v delu s<span>\u00a0<\/span><span class=\"il\">konji<\/span>, globokim spo\u0161tovanjem do teh plemenitih \u017eivali in ljubeznijo do narave ustvarjamo okolje, kjer se bodo va\u0161i<span>\u00a0<\/span><span class=\"il\">konji<\/span><span>\u00a0<\/span>po\u010dutiti kot doma. Na\u0161a oskrba temelji na tradiciji, znanju in predanosti \u2013 vse za sre\u010do in dobro po\u010dutje va\u0161ega konja.<\/i><\/p>\n<p>[\/et_pb_text][et_pb_image src=&#8221;https:\/\/tlabz.eu\/demokmetija\/wp-content\/uploads\/2025\/02\/watercolor-mask-04-800px.png&#8221; title_text=&#8221;watercolor-mask-04-800px&#8221; _builder_version=&#8221;4.27.4&#8243; _module_preset=&#8221;default&#8221; background_image=&#8221;https:\/\/tlabz.eu\/demokmetija\/wp-content\/uploads\/2025\/02\/horse-riding-13.jpg&#8221; global_colors_info=&#8221;{}&#8221;][\/et_pb_image][\/et_pb_column][et_pb_column type=&#8221;1_2&#8243; _builder_version=&#8221;4.21.0&#8243; _module_preset=&#8221;default&#8221; global_colors_info=&#8221;{}&#8221;][et_pb_image src=&#8221;https:\/\/tlabz.eu\/demokmetija\/wp-content\/uploads\/2025\/02\/watercolor-mask-02-800px.png&#8221; title_text=&#8221;horse-riding-14&#8243; _builder_version=&#8221;4.21.0&#8243; _module_preset=&#8221;default&#8221; background_image=&#8221;https:\/\/tlabz.eu\/demokmetija\/wp-content\/uploads\/2025\/02\/horse-riding-14.jpg&#8221; locked=&#8221;off&#8221; global_colors_info=&#8221;{}&#8221;][\/et_pb_image][et_pb_text _builder_version=&#8221;4.27.4&#8243; _module_preset=&#8221;f163c8ff-a39b-4667-9f26-253541de98de&#8221; locked=&#8221;off&#8221; global_colors_info=&#8221;{}&#8221;]<\/p>\n<p data-sourcepos=\"5:1-5:315\">Va\u0161i konji si zaslu\u017eijo najbolj\u0161e! Pri nas, kjer se strast do konj prepleta z ljubeznijo do narave, nudimo vrhunsko oskrbo, ki temelji na dolgoletnih izku\u0161njah, globokem spo\u0161tovanju in predanosti. Razumemo edinstvene potrebe vsakega konja in z veseljem ustvarjamo okolje, kjer se bodo va\u0161i konji po\u010dutili kot doma.<\/p>\n<p data-sourcepos=\"7:1-7:223\">Na\u0161a skrbnost in strokovnost zagotavljata, da bo va\u0161 konj dele\u017een najbolj\u0161e nege, od prehrane do gibanja. Sodelovanje z vami, lastniki, nam je klju\u010dno, saj le skupaj lahko zagotovimo sre\u010dno in zdravo \u017eivljenje va\u0161ega konja.<\/p>\n<p data-sourcepos=\"9:1-9:166\">Pridru\u017eite se nam in dovolite, da va\u0161emu konju ponudimo ljubezen, razumevanje in oskrbo, ki si jo zaslu\u017ei. Ker konji niso samo \u017eivali, so na\u0161i \u017eivljenjski sopotniki.<\/p>\n<p>[\/et_pb_text][\/et_pb_column][\/et_pb_row][\/et_pb_section][et_pb_section fb_built=&#8221;1&#8243; admin_label=&#8221;Call to Action&#8221; _builder_version=&#8221;4.27.4&#8243; _module_preset=&#8221;default&#8221; background_color=&#8221;gcid-e787f6e4-87be-4325-83ae-4380ef468485&#8243; collapsed=&#8221;on&#8221; global_colors_info=&#8221;{%22gcid-e787f6e4-87be-4325-83ae-4380ef468485%22:%91%22background_color%22%93}&#8221;][et_pb_row column_structure=&#8221;1_3,1_3,1_3&#8243; make_equal=&#8221;on&#8221; _builder_version=&#8221;4.27.4&#8243; _module_preset=&#8221;default&#8221; width=&#8221;71%&#8221; module_alignment=&#8221;center&#8221; global_colors_info=&#8221;{}&#8221;][et_pb_column type=&#8221;1_3&#8243; _builder_version=&#8221;4.21.0&#8243; _module_preset=&#8221;default&#8221; global_colors_info=&#8221;{}&#8221;][et_pb_image src=&#8221;https:\/\/tlabz.eu\/demokmetija\/wp-content\/uploads\/2025\/03\/konjicek01.jpg&#8221; title_text=&#8221;konjicek01&#8243; _builder_version=&#8221;4.27.4&#8243; _module_preset=&#8221;default&#8221; positioning=&#8221;absolute&#8221; position_origin_a=&#8221;center_left&#8221; width=&#8221;45%&#8221; global_colors_info=&#8221;{}&#8221;][\/et_pb_image][et_pb_image src=&#8221;https:\/\/tlabz.eu\/demokmetija\/wp-content\/uploads\/2025\/03\/konjicek02.jpg&#8221; title_text=&#8221;konjicek02&#8243; align=&#8221;right&#8221; _builder_version=&#8221;4.27.4&#8243; _module_preset=&#8221;default&#8221; width=&#8221;45%&#8221; custom_margin=&#8221;||0px||false|false&#8221; global_colors_info=&#8221;{}&#8221;][\/et_pb_image][\/et_pb_column][et_pb_column type=&#8221;1_3&#8243; _builder_version=&#8221;4.27.4&#8243; _module_preset=&#8221;default&#8221; custom_padding=&#8221;3vw||||false|false&#8221; custom_padding_tablet=&#8221;0vw||||false|false&#8221; custom_padding_phone=&#8221;0vw||||false|false&#8221; custom_padding_last_edited=&#8221;on|tablet&#8221; global_colors_info=&#8221;{}&#8221;][et_pb_button button_url=&#8221;#kontakt&#8221; button_text=&#8221;KOntakt&#8221; button_alignment=&#8221;center&#8221; _builder_version=&#8221;4.27.4&#8243; _module_preset=&#8221;93ac86de-79a4-4746-a4ab-9da86c72c2f4&#8243; button_text_size=&#8221;21px&#8221; global_colors_info=&#8221;{}&#8221;][\/et_pb_button][et_pb_text _builder_version=&#8221;4.27.4&#8243; _module_preset=&#8221;f09d82a9-670c-4f9d-abda-c087e0bb7aa0&#8243; header_2_font=&#8221;Playfair Display|600|||||||&#8221; header_2_font_size=&#8221;33px&#8221; text_orientation=&#8221;center&#8221; custom_margin=&#8221;28px|||||&#8221; locked=&#8221;off&#8221; global_colors_info=&#8221;{}&#8221;]<\/p>\n<h2><i>Za ve\u010d informacij in rezervacije nas kontaktirajte. Veselimo se va\u0161ega obiska!<\/i><\/h2>\n<p>[\/et_pb_text][\/et_pb_column][et_pb_column type=&#8221;1_3&#8243; _builder_version=&#8221;4.21.0&#8243; _module_preset=&#8221;default&#8221; global_colors_info=&#8221;{}&#8221;][et_pb_image src=&#8221;https:\/\/tlabz.eu\/demokmetija\/wp-content\/uploads\/2025\/03\/konjicek03.jpg&#8221; title_text=&#8221;konjicek03&#8243; _builder_version=&#8221;4.27.4&#8243; _module_preset=&#8221;default&#8221; width=&#8221;45%&#8221; custom_margin=&#8221;||0px||false|false&#8221; locked=&#8221;off&#8221; global_colors_info=&#8221;{}&#8221;][\/et_pb_image][et_pb_image src=&#8221;https:\/\/tlabz.eu\/demokmetija\/wp-content\/uploads\/2025\/02\/horse-riding-16.jpg&#8221; title_text=&#8221;horse-riding-16&#8243; _builder_version=&#8221;4.21.0&#8243; _module_preset=&#8221;default&#8221; positioning=&#8221;absolute&#8221; position_origin_a=&#8221;center_right&#8221; width=&#8221;45%&#8221; locked=&#8221;off&#8221; global_colors_info=&#8221;{}&#8221;][\/et_pb_image][\/et_pb_column][\/et_pb_row][et_pb_row _builder_version=&#8221;4.27.4&#8243; _module_preset=&#8221;default&#8221; global_colors_info=&#8221;{}&#8221;][et_pb_column type=&#8221;4_4&#8243; _builder_version=&#8221;4.27.4&#8243; _module_preset=&#8221;default&#8221; global_colors_info=&#8221;{}&#8221;][et_pb_map address=&#8221;Buje 1, 6217 Vremski Britof, Slovenija&#8221; address_lat=&#8221;45.6483955&#8243; address_lng=&#8221;14.0964124&#8243; _builder_version=&#8221;4.27.4&#8243; _module_preset=&#8221;default&#8221; global_colors_info=&#8221;{}&#8221;][\/et_pb_map][\/et_pb_column][\/et_pb_row][\/et_pb_section][et_pb_section fb_built=&#8221;1&#8243; admin_label=&#8221;Footer&#8221; _builder_version=&#8221;4.27.2&#8243; _module_preset=&#8221;default&#8221; use_background_color_gradient=&#8221;on&#8221; background_color_gradient_stops=&#8221;gcid-9735c811-14cd-4d63-8358-8506147896d3 30%|rgba(52,33,7,0.85) 100%&#8221; background_color_gradient_overlays_image=&#8221;on&#8221; background_image=&#8221;https:\/\/tlabz.eu\/demokmetija\/wp-content\/uploads\/2025\/02\/kmetija_poslopje_splet_spodaj_splet.jpg&#8221; custom_padding=&#8221;||0px||false|false&#8221; saved_tabs=&#8221;all&#8221; locked=&#8221;off&#8221; collapsed=&#8221;on&#8221; global_colors_info=&#8221;{%22gcid-9735c811-14cd-4d63-8358-8506147896d3%22:%91%22background_color_gradient_stops%22%93}&#8221;][et_pb_row column_structure=&#8221;1_3,1_3,1_3&#8243; module_id=&#8221;kontakt&#8221; module_class=&#8221;kontakt&#8221; _builder_version=&#8221;4.27.4&#8243; _module_preset=&#8221;default&#8221; custom_margin=&#8221;||60px||false|false&#8221; global_colors_info=&#8221;{}&#8221;][et_pb_column type=&#8221;1_3&#8243; _builder_version=&#8221;4.21.0&#8243; _module_preset=&#8221;default&#8221; global_colors_info=&#8221;{}&#8221;][et_pb_text _builder_version=&#8221;4.27.4&#8243; _module_preset=&#8221;0c1a3866-8c65-4f3a-83cf-b16f2b5488ab&#8221; header_6_text_color=&#8221;#B5A289&#8243; global_colors_info=&#8221;{}&#8221;]<\/p>\n<h6><a href=\"https:\/\/tlabz.eu\/demokmetija\/\">Doma\u010dija \u017dagar<\/a><\/h6>\n<p>[\/et_pb_text][et_pb_text _builder_version=&#8221;4.27.4&#8243; _module_preset=&#8221;983ffb74-c8c2-4d79-a86e-2d9151e91cc0&#8243; text_text_color=&#8221;#FFFFFF&#8221; link_text_color=&#8221;#FFFFFF&#8221; locked=&#8221;off&#8221; global_colors_info=&#8221;{}&#8221;]<\/p>\n<p><a href=\"https:\/\/tlabz.eu\/demokmetija\/index.php\/oskrba-konj\/\">Oskrba konja<\/a><\/p>\n<p>[\/et_pb_text][et_pb_text _builder_version=&#8221;4.27.4&#8243; _module_preset=&#8221;983ffb74-c8c2-4d79-a86e-2d9151e91cc0&#8243; text_text_color=&#8221;#FFFFFF&#8221; link_text_color=&#8221;#FFFFFF&#8221; locked=&#8221;off&#8221; global_colors_info=&#8221;{}&#8221;]<\/p>\n<p><a href=\"https:\/\/tlabz.eu\/demokmetija\/index.php\/hiska-kovacija\/\">Hi\u0161ka Kova\u010dija<\/a><\/p>\n<p>[\/et_pb_text][\/et_pb_column][et_pb_column type=&#8221;1_3&#8243; _builder_version=&#8221;4.21.0&#8243; _module_preset=&#8221;default&#8221; global_colors_info=&#8221;{}&#8221;][et_pb_text _builder_version=&#8221;4.27.4&#8243; _module_preset=&#8221;0c1a3866-8c65-4f3a-83cf-b16f2b5488ab&#8221; header_6_text_color=&#8221;#B5A289&#8243; locked=&#8221;off&#8221; global_colors_info=&#8221;{}&#8221;]<\/p>\n<h6>Kontakt za okrbo konj<\/h6>\n<p>[\/et_pb_text][et_pb_text _builder_version=&#8221;4.27.2&#8243; _module_preset=&#8221;983ffb74-c8c2-4d79-a86e-2d9151e91cc0&#8243; text_text_color=&#8221;#FFFFFF&#8221; link_text_color=&#8221;#FFFFFF&#8221; custom_margin=&#8221;||0px||false|false&#8221; locked=&#8221;off&#8221; global_colors_info=&#8221;{}&#8221;]<\/p>\n<p>info@domacija-zagar.si<\/p>\n<p>[\/et_pb_text][et_pb_text _builder_version=&#8221;4.27.4&#8243; _module_preset=&#8221;4d450edd-0aa9-42f0-a2f2-d9ab9c7c0138&#8243; link_text_color=&#8221;#FFFFFF&#8221; header_4_text_color=&#8221;#FFFFFF&#8221; locked=&#8221;off&#8221; global_colors_info=&#8221;{}&#8221;]<\/p>\n<h4>+386 31 470 496<\/h4>\n<p>[\/et_pb_text][et_pb_text _builder_version=&#8221;4.27.2&#8243; _module_preset=&#8221;983ffb74-c8c2-4d79-a86e-2d9151e91cc0&#8243; text_text_color=&#8221;#FFFFFF&#8221; link_text_color=&#8221;#FFFFFF&#8221; locked=&#8221;off&#8221; global_colors_info=&#8221;{}&#8221;]<\/p>\n<p>Buje 1, 6217 Vremski Britof<\/p>\n<p>[\/et_pb_text][\/et_pb_column][et_pb_column type=&#8221;1_3&#8243; _builder_version=&#8221;4.21.0&#8243; _module_preset=&#8221;default&#8221; global_colors_info=&#8221;{}&#8221;][et_pb_text _builder_version=&#8221;4.27.2&#8243; _module_preset=&#8221;0c1a3866-8c65-4f3a-83cf-b16f2b5488ab&#8221; header_6_text_color=&#8221;#B5A289&#8243; locked=&#8221;off&#8221; global_colors_info=&#8221;{}&#8221;]<\/p>\n<h6>Sledite nam na:\u00a0<\/h6>\n<p>[\/et_pb_text][et_pb_social_media_follow _builder_version=&#8221;4.27.2&#8243; _module_preset=&#8221;default&#8221; global_colors_info=&#8221;{}&#8221;][et_pb_social_media_follow_network social_network=&#8221;facebook&#8221; _builder_version=&#8221;4.21.0&#8243; _module_preset=&#8221;default&#8221; background_color=&#8221;RGBA(255,255,255,0)&#8221; background_enable_color=&#8221;on&#8221; custom_padding=&#8221;4px|4px|4px|4px|true|true&#8221; border_radii=&#8221;on|100px|100px|100px|100px&#8221; border_width_all=&#8221;1px&#8221; border_color_all=&#8221;#FFFFFF&#8221; global_colors_info=&#8221;{}&#8221; follow_button=&#8221;off&#8221; url_new_window=&#8221;on&#8221;]facebook[\/et_pb_social_media_follow_network][et_pb_social_media_follow_network social_network=&#8221;instagram&#8221; _builder_version=&#8221;4.21.0&#8243; _module_preset=&#8221;default&#8221; background_color=&#8221;RGBA(255,255,255,0)&#8221; background_enable_color=&#8221;on&#8221; custom_padding=&#8221;4px|4px|4px|4px|true|true&#8221; border_radii=&#8221;on|100px|100px|100px|100px&#8221; border_width_all=&#8221;1px&#8221; border_color_all=&#8221;#FFFFFF&#8221; global_colors_info=&#8221;{}&#8221; follow_button=&#8221;off&#8221; url_new_window=&#8221;on&#8221;]instagram[\/et_pb_social_media_follow_network][\/et_pb_social_media_follow][\/et_pb_column][\/et_pb_row][et_pb_row _builder_version=&#8221;4.21.0&#8243; _module_preset=&#8221;default&#8221; width=&#8221;100%&#8221; max_width=&#8221;none&#8221; border_color_all=&#8221;rgba(255,255,255,0.12)&#8221; border_width_top=&#8221;1px&#8221; global_colors_info=&#8221;{}&#8221;][et_pb_column type=&#8221;4_4&#8243; _builder_version=&#8221;4.21.0&#8243; _module_preset=&#8221;default&#8221; global_colors_info=&#8221;{}&#8221;][et_pb_text _builder_version=&#8221;4.27.2&#8243; _dynamic_attributes=&#8221;content&#8221; _module_preset=&#8221;a275cf25-839b-40d1-9682-3a112578b8b8&#8243; text_text_color=&#8221;gcid-4a53c4f2-10a4-4df5-aae5-66892dee9e02&#8243; text_font_size=&#8221;16px&#8221; text_orientation=&#8221;center&#8221; text_font_size_tablet=&#8221;15px&#8221; text_font_size_phone=&#8221;14px&#8221; text_font_size_last_edited=&#8221;on|desktop&#8221; locked=&#8221;off&#8221; global_colors_info=&#8221;{%22gcid-4a53c4f2-10a4-4df5-aae5-66892dee9e02%22:%91%22text_text_color%22%93}&#8221;]@ET-DC@eyJkeW5hbWljIjp0cnVlLCJjb250ZW50IjoiY3VycmVudF9kYXRlIiwic2V0dGluZ3MiOnsiYmVmb3JlIjoiVnNlIHByYXZpY2UgcHJpZHJcdTAxN2VhbmUgJmNvcHk7ICIsImFmdGVyIjoiICBLbWV0aWphIFx1MDE3ZGFnYXIuIiwiZGF0ZV9mb3JtYXQiOiJjdXN0b20iLCJjdXN0b21fZGF0ZV9mb3JtYXQiOiJZIn19@[\/et_pb_text][\/et_pb_column][\/et_pb_row][\/et_pb_section]<\/p>\n","protected":false},"excerpt":{"rendered":"<p>Oskrba konj &#8211; s strastjo do konj in narveStoritve za va\u0161e konje\u00a0Na\u0161i prostori za konje so ve\u010d kot le hlev \u2013 je skupnost, kjer se prepletajo tradicija, ljubezen do konj in narave ter prijateljstvo.Dnevno \u010di\u0161\u010denje boksa Kakovostno krmljenje s senom Prostorna mane\u017ea Pralnica za konja Sedlarna &nbsp; Pre\u010dudoviti tereni za je\u017eo Urejeni sanitarni prostori Urejen [&hellip;]<\/p>\n","protected":false},"author":1,"featured_media":0,"parent":0,"menu_order":0,"comment_status":"closed","ping_status":"closed","template":"","meta":{"_et_pb_use_builder":"on","_et_pb_old_content":"","_et_gb_content_width":"","footnotes":""},"class_list":["post-38","page","type-page","status-publish","hentry"],"_links":{"self":[{"href":"https:\/\/tlabz.eu\/demokmetija\/index.php\/wp-json\/wp\/v2\/pages\/38","targetHints":{"allow":["GET"]}}],"collection":[{"href":"https:\/\/tlabz.eu\/demokmetija\/index.php\/wp-json\/wp\/v2\/pages"}],"about":[{"href":"https:\/\/tlabz.eu\/demokmetija\/index.php\/wp-json\/wp\/v2\/types\/page"}],"author":[{"embeddable":true,"href":"https:\/\/tlabz.eu\/demokmetija\/index.php\/wp-json\/wp\/v2\/users\/1"}],"replies":[{"embeddable":true,"href":"https:\/\/tlabz.eu\/demokmetija\/index.php\/wp-json\/wp\/v2\/comments?post=38"}],"version-history":[{"count":42,"href":"https:\/\/tlabz.eu\/demokmetija\/index.php\/wp-json\/wp\/v2\/pages\/38\/revisions"}],"predecessor-version":[{"id":437,"href":"https:\/\/tlabz.eu\/demokmetija\/index.php\/wp-json\/wp\/v2\/pages\/38\/revisions\/437"}],"wp:attachment":[{"href":"https:\/\/tlabz.eu\/demokmetija\/index.php\/wp-json\/wp\/v2\/media?parent=38"}],"curies":[{"name":"wp","href":"https:\/\/api.w.org\/{rel}","templated":true}]}}